{"id":1031,"date":"2021-02-08T16:55:10","date_gmt":"2021-02-08T14:55:10","guid":{"rendered":"https:\/\/www.mathis-hof.ch\/?page_id=1031"},"modified":"2024-08-21T10:17:15","modified_gmt":"2024-08-21T08:17:15","slug":"notre-famille","status":"publish","type":"page","link":"https:\/\/www.mathis-hof.ch\/fr\/notre-famille\/","title":{"rendered":"Notre famille"},"content":{"rendered":"<div id=\"pl-1031\"  class=\"panel-layout\" ><div id=\"pg-1031-0\"  class=\"panel-grid panel-no-style\" ><div id=\"pgc-1031-0-0\"  class=\"panel-grid-cell\" ><div id=\"panel-1031-0-0-0\" class=\"so-panel widget widget_sow-editor panel-first-child panel-last-child\" data-index=\"0\" ><div\n\t\t\t\n\t\t\tclass=\"so-widget-sow-editor so-widget-sow-editor-base\"\n\t\t\t\n\t\t><h3 class=\"widget-title\">Notre ferme<\/h3>\n<div class=\"siteorigin-widget-tinymce textwidget\">\n\t<p>Notre exploitation familiale se trouve \u00e0 Bottmingen et nous cultivons des produits IP Suisse. La ferme a \u00e9t\u00e9 construite en 1996. L'ancienne ferme se trouve encore au village, nous l'avons quitt\u00e9e apr\u00e8s 246 ann\u00e9es d'exploitation.<\/p>\n<\/div>\n<\/div><\/div><\/div><div id=\"pgc-1031-0-1\"  class=\"panel-grid-cell\" ><div id=\"panel-1031-0-1-0\" class=\"so-panel widget widget_sow-editor panel-first-child panel-last-child\" data-index=\"1\" ><div\n\t\t\t\n\t\t\tclass=\"so-widget-sow-editor so-widget-sow-editor-base\"\n\t\t\t\n\t\t><h3 class=\"widget-title\">Philosophie<\/h3>\n<div class=\"siteorigin-widget-tinymce textwidget\">\n\t<p>La ferme Mathis est ouverte \u00e0 tous. Les visiteurs se sentent \u00e0 la maison et peuvent explorer notre domaine. Ils peuvent \u00e9galement se d\u00e9tendre sur la place de jeu ouverte toute l'ann\u00e9e, dire bonjour aux nombreux animaux et profiter de l'ambiance d\u00e9tendue. Nos vaches vivent dans une stabulation libre et les poules ont un \u00e9norme parc en commun avec les canards, les paons et nos deux \u00e2nes, Henry et Barbara.<\/p>\n<\/div>\n<\/div><\/div><\/div><\/div><div id=\"pg-1031-1\"  class=\"panel-grid panel-no-style\" ><div id=\"pgc-1031-1-0\"  class=\"panel-grid-cell\" ><div id=\"panel-1031-1-0-0\" class=\"so-panel widget widget_sow-editor panel-first-child panel-last-child\" data-index=\"2\" ><div\n\t\t\t\n\t\t\tclass=\"so-widget-sow-editor so-widget-sow-editor-base\"\n\t\t\t\n\t\t><h3 class=\"widget-title\">Produits<\/h3>\n<div class=\"siteorigin-widget-tinymce textwidget\">\n\t<p>Nos 3 branches principales du domaine sont les courges, les deux champs de fleurs et les sapins de No\u00ebl. Nous avons \u00e0 c\u00f4t\u00e9 de cela le pain le vendredi, nos vaches m\u00e8res, les cultures et le labyrinthe de mais. Il y a 25 ans, tout \u00e9tait totalement diff\u00e9rent. Nous avions des vaches laiti\u00e8re, des cerises, fruits et nos cultures comme principales branches. L'agriculture a \u00e9norm\u00e9ment chang\u00e9, nous avons du rester cr\u00e9atif et s'adapter \u00e0 la demande.<\/p>\n<\/div>\n<\/div><\/div><\/div><div id=\"pgc-1031-1-1\"  class=\"panel-grid-cell\" ><div id=\"panel-1031-1-1-0\" class=\"so-panel widget widget_sow-editor panel-first-child panel-last-child\" data-index=\"3\" ><div\n\t\t\t\n\t\t\tclass=\"so-widget-sow-editor so-widget-sow-editor-base\"\n\t\t\t\n\t\t><h3 class=\"widget-title\">KCB-Samen GmbH<\/h3>\n<div class=\"siteorigin-widget-tinymce textwidget\">\n\t<p class=\"widget-title\"><a style=\"font-size: 16px;\" href=\"http:\/\/www.kcb-samen.ch\/\" target=\"_blank\" rel=\"noopener\"><img loading=\"lazy\" decoding=\"async\" class=\"alignnone size-medium wp-image-630\" src=\"https:\/\/www.mathis-hof.ch\/wp-content\/uploads\/Logo-KCB-300x180.jpeg\" sizes=\"auto, (max-width: 300px) 100vw, 300px\" srcset=\"https:\/\/www.mathis-hof.ch\/wp-content\/uploads\/Logo-KCB-300x180.jpeg 300w, https:\/\/www.mathis-hof.ch\/wp-content\/uploads\/Logo-KCB-768x461.jpeg 768w, https:\/\/www.mathis-hof.ch\/wp-content\/uploads\/Logo-KCB-920x552.jpeg 920w\" alt=\"\" width=\"300\" height=\"180\" \/><\/a><\/p>\n<p class=\"widget-title\"><span style=\"font-size: 16px;\">Le club de la courge (KCB) a \u00e9t\u00e9 fond\u00e9 par Michel Brancucci en 1992. En ce temps-l\u00e0, il n'y avait que tr\u00e8s peu de sortes disponibles en suisse. M. Brancucci a fait des recherches dans le monde entier et d\u00e9couvert \u00e9norm\u00e9ment de nouvelles sortes. Il a \u00e9t\u00e9 une personne essentielle pour faire connaitre la courge en Suisse.<\/span><\/p>\n<p>Nous \u00e9tions avec lui d\u00e8s le d\u00e9but dans son club et avons achet\u00e9 nos graines de courges chez lui. A travers les ann\u00e9es une v\u00e9ritable amiti\u00e9 s'est install\u00e9e. Lors de son d\u00e9c\u00e8s en 2012, nous avons rachet\u00e9 le club. Vous trouverez plus d'informations ici: <a href=\"http:\/\/www.kcb-samen.ch\/\" target=\"_blank\" rel=\"noopener\">www.kcb-samen.ch<\/a>.<\/p>\n<\/div>\n<\/div><\/div><\/div><\/div><\/div>","protected":false},"excerpt":{"rendered":"<p>Notre exploitation familiale se trouve \u00e0 Bottmingen et nous cultivons des produits IP Suisse. La ferme a \u00e9t\u00e9 construite en 1996. L&rsquo;ancienne ferme se trouve encore au village, nous l&rsquo;avons quitt\u00e9e apr\u00e8s 246 ann\u00e9es d&rsquo;exploitation. La ferme Mathis est ouverte \u00e0 tous. Les visiteurs se sentent \u00e0 la maison et peuvent explorer notre domaine. Ils &hellip; <a href=\"https:\/\/www.mathis-hof.ch\/fr\/notre-famille\/\" class=\"more-link\">Continue reading <span class=\"screen-reader-text\">Notre famille<\/span> <span class=\"meta-nav\">&rarr;<\/span><\/a><\/p>\n","protected":false},"author":2,"featured_media":1032,"parent":0,"menu_order":32,"comment_status":"closed","ping_status":"closed","template":"","meta":{"footnotes":""},"class_list":["post-1031","page","type-page","status-publish","has-post-thumbnail","hentry"],"_links":{"self":[{"href":"https:\/\/www.mathis-hof.ch\/fr\/wp-json\/wp\/v2\/pages\/1031","targetHints":{"allow":["GET"]}}],"collection":[{"href":"https:\/\/www.mathis-hof.ch\/fr\/wp-json\/wp\/v2\/pages"}],"about":[{"href":"https:\/\/www.mathis-hof.ch\/fr\/wp-json\/wp\/v2\/types\/page"}],"author":[{"embeddable":true,"href":"https:\/\/www.mathis-hof.ch\/fr\/wp-json\/wp\/v2\/users\/2"}],"replies":[{"embeddable":true,"href":"https:\/\/www.mathis-hof.ch\/fr\/wp-json\/wp\/v2\/comments?post=1031"}],"version-history":[{"count":4,"href":"https:\/\/www.mathis-hof.ch\/fr\/wp-json\/wp\/v2\/pages\/1031\/revisions"}],"predecessor-version":[{"id":1794,"href":"https:\/\/www.mathis-hof.ch\/fr\/wp-json\/wp\/v2\/pages\/1031\/revisions\/1794"}],"wp:featuredmedia":[{"embeddable":true,"href":"https:\/\/www.mathis-hof.ch\/fr\/wp-json\/wp\/v2\/media\/1032"}],"wp:attachment":[{"href":"https:\/\/www.mathis-hof.ch\/fr\/wp-json\/wp\/v2\/media?parent=1031"}],"curies":[{"name":"wp","href":"https:\/\/api.w.org\/{rel}","templated":true}]}}