{"id":1037,"date":"2021-02-08T17:10:41","date_gmt":"2021-02-08T15:10:41","guid":{"rendered":"https:\/\/www.mathis-hof.ch\/?page_id=1037"},"modified":"2024-07-18T14:46:38","modified_gmt":"2024-07-18T12:46:38","slug":"contact","status":"publish","type":"page","link":"https:\/\/www.mathis-hof.ch\/fr\/contact\/","title":{"rendered":"Contact"},"content":{"rendered":"<div id=\"pl-1037\"  class=\"panel-layout\" ><div id=\"pg-1037-0\"  class=\"panel-grid panel-no-style\" ><div id=\"pgc-1037-0-0\"  class=\"panel-grid-cell\" ><div id=\"panel-1037-0-0-0\" class=\"so-panel widget widget_sow-editor panel-first-child panel-last-child\" data-index=\"0\" ><div\n\t\t\t\n\t\t\tclass=\"so-widget-sow-editor so-widget-sow-editor-base\"\n\t\t\t\n\t\t><h3 class=\"widget-title\">Contact<\/h3>\n<div class=\"siteorigin-widget-tinymce textwidget\">\n\t<p class=\"widget-title\"><span style=\"font-size: 16px;\">Famille Mathis<\/span><\/p>\n<p class=\"widget-title\">Br\u00e4ndelistal<\/p>\n<p class=\"widget-title\">Dubackerweg 2<\/p>\n<div class=\"siteorigin-widget-tinymce textwidget\">\n<p>4103 Bottmingen<\/p>\n<p>Telefon: +41 (0)61 421 14 58<\/p>\n<p>E-Mail: info@mathis-hof.ch<\/p>\n<\/div>\n<\/div>\n<\/div><\/div><\/div><div id=\"pgc-1037-0-1\"  class=\"panel-grid-cell\" ><div id=\"panel-1037-0-1-0\" class=\"so-panel widget widget_sow-editor panel-first-child panel-last-child\" data-index=\"1\" ><div\n\t\t\t\n\t\t\tclass=\"so-widget-sow-editor so-widget-sow-editor-base\"\n\t\t\t\n\t\t><h3 class=\"widget-title\">Horaire<\/h3>\n<div class=\"siteorigin-widget-tinymce textwidget\">\n\t<p class=\"widget-title\"><span style=\"font-size: 16px;\">Petit magasin:<\/span><\/p>\n<div class=\"siteorigin-widget-tinymce textwidget\">\n<p>quotidiennement, de 8h \u00e0 18h<\/p>\n<p>Champ de fleurs:<br \/>\nDe mars \u00e0 novembre quotidiennement<\/p>\n<p>March\u00e9 de la courge:<br \/>\nMi-ao\u00fbt \u00e0 novembre<\/p>\n<p>March\u00e9 des sapins:<br \/>\nD\u00e9cembre<br \/>\nquotidiennement de 8h-12h et de 13h30-18h<\/p>\n<p>Labyrinthe de Ma\u00efs:<br \/>\nFin juillet \u00e0 mi octobre<br \/>\nLe labyrinthe de ma\u00efs est ouvert tous les jours du lever au coucher du soleil.<\/p>\n<\/div>\n<\/div>\n<\/div><\/div><\/div><\/div><\/div>","protected":false},"excerpt":{"rendered":"<p>Famille Mathis Br\u00e4ndelistal Dubackerweg 2 4103 Bottmingen Telefon: +41 (0)61 421 14 58 E-Mail: info@mathis-hof.ch Petit magasin: quotidiennement, de 8h \u00e0 18h Champ de fleurs: De mars \u00e0 novembre quotidiennement March\u00e9 de la courge: Mi-ao\u00fbt \u00e0 novembre March\u00e9 des sapins: D\u00e9cembre quotidiennement de 8h-12h et de 13h30-18h Labyrinthe de Ma\u00efs: Fin juillet \u00e0 mi octobre &hellip; <a href=\"https:\/\/www.mathis-hof.ch\/fr\/contact\/\" class=\"more-link\">Continue reading <span class=\"screen-reader-text\">Contact<\/span> <span class=\"meta-nav\">&rarr;<\/span><\/a><\/p>\n","protected":false},"author":2,"featured_media":1038,"parent":0,"menu_order":35,"comment_status":"closed","ping_status":"closed","template":"","meta":{"footnotes":""},"class_list":["post-1037","page","type-page","status-publish","has-post-thumbnail","hentry"],"_links":{"self":[{"href":"https:\/\/www.mathis-hof.ch\/fr\/wp-json\/wp\/v2\/pages\/1037","targetHints":{"allow":["GET"]}}],"collection":[{"href":"https:\/\/www.mathis-hof.ch\/fr\/wp-json\/wp\/v2\/pages"}],"about":[{"href":"https:\/\/www.mathis-hof.ch\/fr\/wp-json\/wp\/v2\/types\/page"}],"author":[{"embeddable":true,"href":"https:\/\/www.mathis-hof.ch\/fr\/wp-json\/wp\/v2\/users\/2"}],"replies":[{"embeddable":true,"href":"https:\/\/www.mathis-hof.ch\/fr\/wp-json\/wp\/v2\/comments?post=1037"}],"version-history":[{"count":2,"href":"https:\/\/www.mathis-hof.ch\/fr\/wp-json\/wp\/v2\/pages\/1037\/revisions"}],"predecessor-version":[{"id":1773,"href":"https:\/\/www.mathis-hof.ch\/fr\/wp-json\/wp\/v2\/pages\/1037\/revisions\/1773"}],"wp:featuredmedia":[{"embeddable":true,"href":"https:\/\/www.mathis-hof.ch\/fr\/wp-json\/wp\/v2\/media\/1038"}],"wp:attachment":[{"href":"https:\/\/www.mathis-hof.ch\/fr\/wp-json\/wp\/v2\/media?parent=1037"}],"curies":[{"name":"wp","href":"https:\/\/api.w.org\/{rel}","templated":true}]}}