{"id":2114,"date":"2025-10-09T09:13:54","date_gmt":"2025-10-09T07:13:54","guid":{"rendered":"https:\/\/www.mathis-hof.ch\/hofrundgang\/"},"modified":"2025-10-09T12:10:15","modified_gmt":"2025-10-09T10:10:15","slug":"ferme-visite-virtuelle","status":"publish","type":"page","link":"https:\/\/www.mathis-hof.ch\/fr\/ferme-visite-virtuelle\/","title":{"rendered":"Ferme visite virtuelle"},"content":{"rendered":"<div id=\"pl-2114\"  class=\"panel-layout\" ><div id=\"pg-2114-0\"  class=\"panel-grid panel-no-style\" ><div id=\"pgc-2114-0-0\"  class=\"panel-grid-cell\" ><div id=\"panel-2114-0-0-0\" class=\"so-panel widget widget_text panel-first-child\" data-index=\"0\" ><h3 class=\"widget-title\">Visite virtuelle<\/h3>\t\t\t<div class=\"textwidget\"><p>D\u00e9couvrez la ferme Mathis gr\u00e2ce \u00e0 une visite virtuelle.<\/p>\n<p>Naviguez dans la ferme \u00e0 l&rsquo;aide des points d&rsquo;int\u00e9r\u00eat interactifs : d\u00e9couvrez notre magasin \u00e0 la ferme, le march\u00e9 aux potirons et le labyrinthe de ma\u00efs.<\/p>\n<p>Nous nous r\u00e9jouissons de votre visite.<\/p>\n<\/div>\n\t\t<\/div><div id=\"panel-2114-0-0-1\" class=\"widget_text so-panel widget widget_custom_html panel-last-child\" data-index=\"1\" ><div class=\"textwidget custom-html-widget\"><iframe src= \"\/rundgang\" width=\"100%\" height=\"550\" style=\"border:none;\" ><\/iframe><\/div><\/div><\/div><\/div><\/div>","protected":false},"excerpt":{"rendered":"<p>D\u00e9couvrez la ferme Mathis gr\u00e2ce \u00e0 une visite virtuelle. Naviguez dans la ferme \u00e0 l&rsquo;aide des points d&rsquo;int\u00e9r\u00eat interactifs : d\u00e9couvrez notre magasin \u00e0 la ferme, le march\u00e9 aux potirons et le labyrinthe de ma\u00efs. Nous nous r\u00e9jouissons de votre visite.<\/p>\n","protected":false},"author":7,"featured_media":2094,"parent":0,"menu_order":0,"comment_status":"closed","ping_status":"closed","template":"","meta":{"footnotes":""},"class_list":["post-2114","page","type-page","status-publish","has-post-thumbnail","hentry"],"_links":{"self":[{"href":"https:\/\/www.mathis-hof.ch\/fr\/wp-json\/wp\/v2\/pages\/2114","targetHints":{"allow":["GET"]}}],"collection":[{"href":"https:\/\/www.mathis-hof.ch\/fr\/wp-json\/wp\/v2\/pages"}],"about":[{"href":"https:\/\/www.mathis-hof.ch\/fr\/wp-json\/wp\/v2\/types\/page"}],"author":[{"embeddable":true,"href":"https:\/\/www.mathis-hof.ch\/fr\/wp-json\/wp\/v2\/users\/7"}],"replies":[{"embeddable":true,"href":"https:\/\/www.mathis-hof.ch\/fr\/wp-json\/wp\/v2\/comments?post=2114"}],"version-history":[{"count":6,"href":"https:\/\/www.mathis-hof.ch\/fr\/wp-json\/wp\/v2\/pages\/2114\/revisions"}],"predecessor-version":[{"id":2122,"href":"https:\/\/www.mathis-hof.ch\/fr\/wp-json\/wp\/v2\/pages\/2114\/revisions\/2122"}],"wp:featuredmedia":[{"embeddable":true,"href":"https:\/\/www.mathis-hof.ch\/fr\/wp-json\/wp\/v2\/media\/2094"}],"wp:attachment":[{"href":"https:\/\/www.mathis-hof.ch\/fr\/wp-json\/wp\/v2\/media?parent=2114"}],"curies":[{"name":"wp","href":"https:\/\/api.w.org\/{rel}","templated":true}]}}