{"id":912,"date":"2021-01-29T18:02:37","date_gmt":"2021-01-29T16:02:37","guid":{"rendered":"https:\/\/www.mathis-hof.ch\/?page_id=912"},"modified":"2026-02-03T15:56:44","modified_gmt":"2026-02-03T13:56:44","slug":"cochons","status":"publish","type":"page","link":"https:\/\/www.mathis-hof.ch\/fr\/cochons\/","title":{"rendered":"Cochons"},"content":{"rendered":"<div id=\"pl-912\"  class=\"panel-layout\" ><div id=\"pg-912-0\"  class=\"panel-grid panel-no-style\" ><div id=\"pgc-912-0-0\"  class=\"panel-grid-cell\" ><div id=\"panel-912-0-0-0\" class=\"so-panel widget widget_sow-editor panel-first-child panel-last-child\" data-index=\"0\" ><div\n\t\t\t\n\t\t\tclass=\"so-widget-sow-editor so-widget-sow-editor-base\"\n\t\t\t\n\t\t><h3 class=\"widget-title\">Cochons \u00e9levage plein air<\/h3>\n<div class=\"siteorigin-widget-tinymce textwidget\">\n\t<p>Les cochons appartiennent depuis toujours \u00e0 la ferme Mathis. Au d\u00e9but, c'\u00e9tait des cochons Vietnamiens, ensuite des cochons laineux et maintenant de septembre \u00e0 mars le grand porc blanc. Sur notre vaste champ, ils peuvent retourner la terre et se goinfrer de courges. Nous leurs donnons des courges que nous ne pouvons vendre ainsi que d'autres restes de la ferme au lieu de les jeter. Les cochons seront emmen\u00e9s \u00e0 la boucherie au mois de mars et la viande est vendue en pr\u00e9commande \u00e0 la ferme sous forme de paquets m\u00e9lang\u00e9s.<\/p>\n<\/div>\n<\/div><\/div><\/div><div id=\"pgc-912-0-1\"  class=\"panel-grid-cell\" ><div id=\"panel-912-0-1-0\" class=\"so-panel widget widget_sow-editor panel-first-child panel-last-child\" data-index=\"1\" ><div\n\t\t\t\n\t\t\tclass=\"so-widget-sow-editor so-widget-sow-editor-base\"\n\t\t\t\n\t\t><h3 class=\"widget-title\">Date de commande<\/h3>\n<div class=\"siteorigin-widget-tinymce textwidget\">\n\t<p>Notre dates de commande pour 2026:<\/p>\n<p>&nbsp;<\/p>\n<p>13.03.2026<br \/>\n10.04.2026<\/p>\n<p>&nbsp;<\/p>\n<p>Si vous \u00eates int\u00e9ress\u00e9(e), vous pouvez d'ores et d\u00e9j\u00e0 vous inscrire pour une commande via <a href=\"mailto:info@mathis-hof.ch\">info@mathis-hof.ch<\/a><\/p>\n<\/div>\n<\/div><\/div><\/div><\/div><div id=\"pg-912-1\"  class=\"panel-grid panel-no-style\" ><div id=\"pgc-912-1-0\"  class=\"panel-grid-cell\" ><div id=\"panel-912-1-0-0\" class=\"so-panel widget widget_sow-editor panel-first-child panel-last-child\" data-index=\"2\" ><div\n\t\t\t\n\t\t\tclass=\"so-widget-sow-editor so-widget-sow-editor-base\"\n\t\t\t\n\t\t><h3 class=\"widget-title\">Infos<\/h3>\n<div class=\"siteorigin-widget-tinymce textwidget\">\n\t<p><span id=\"p121\">Nous vendons la viande de porc \u00e9lev\u00e9 en plein air une fois par ann\u00e9e\u00a0<span id=\"p120\">(en g\u00e9n\u00e9ral dans le courant mars)<\/span>\u00a0sous forme de paquets m\u00e9lang\u00e9s.<\/span><span id=\"p102\">\u00a0La quantit\u00e9\u00a0minimum\u00a0est le quart d'un porc, soit environ\u00a0<span id=\"112\">12 kg<\/span>.<\/span><span id=\"p103\">\u00a0Vous trouverez dans ce paquet r\u00f4ti, filet, faux-filet, c\u00f4telettes, rago\u00fbt, \u00e9minc\u00e9, jarret, lard \u00e0 griller et saucisses.<\/span><span id=\"p104\">\u00a0<\/span><\/p>\n<p><span id=\"p104\">Le prix est de CHF 30.<\/span><span id=\"p105\"><span id=\"113\">- \/kg<\/span>.<\/span><span id=\"p117\">\u00a0La viande est mise sous\u00a0<span id=\"118\" class=\"s-rg\">vacuum<\/span>\u00a0<span id=\"p116\">(portion pour 2-3 personnes)<\/span>\u00a0et \u00e9tiquet\u00e9e avec les informations\u00a0importantes.<\/span><\/p>\n<p>&nbsp;<\/p>\n<p><span id=\"p107\">Commandez par mail ici info@mathis-hof.ch<\/span><\/p>\n<p>Vous avez la possibilit\u00e9 de payer par carte, cash ou sur facture.<span id=\"p109\">\u00a0Les nouveaux clients paient la premi\u00e8re fois directement par carte ou cash.<\/span><\/p>\n<\/div>\n<\/div><\/div><\/div><div id=\"pgc-912-1-1\"  class=\"panel-grid-cell\" ><div id=\"panel-912-1-1-0\" class=\"so-panel widget widget_sow-editor panel-first-child panel-last-child\" data-index=\"3\" ><div\n\t\t\t\n\t\t\tclass=\"so-widget-sow-editor so-widget-sow-editor-base\"\n\t\t\t\n\t\t><h3 class=\"widget-title\">Lard s\u00e9ch\u00e9<\/h3>\n<div class=\"siteorigin-widget-tinymce textwidget\">\n\t<p>Comme le lard est sal\u00e9, s\u00e9ch\u00e9 et fum\u00e9 pendant plusieurs semaines, il ne fait pas partie du paquet. Le lard fum\u00e9 sera \u00e0 partir de juin vendu dans le petit magasin \u00e0 la ferme. Les clients qui ont command\u00e9 un paquet de viande de porc seront avis\u00e9s d\u00e8s que le lard sera mis en vente.<\/p>\n<\/div>\n<\/div><\/div><\/div><\/div><div id=\"pg-912-2\"  class=\"panel-grid panel-no-style\" ><div id=\"pgc-912-2-0\"  class=\"panel-grid-cell panel-grid-cell-mobile-last\" ><div id=\"panel-912-2-0-0\" class=\"so-panel widget widget_sow-editor panel-first-child panel-last-child\" data-index=\"4\" ><div\n\t\t\t\n\t\t\tclass=\"so-widget-sow-editor so-widget-sow-editor-base\"\n\t\t\t\n\t\t><h3 class=\"widget-title\">Conseils<\/h3>\n<div class=\"siteorigin-widget-tinymce textwidget\">\n\t<ul>\n<li><span id=\"p143\">Gr\u00e2ce au vacuum, la viande ne doit pas \u00eatre de suite congel\u00e9e.<\/span><span id=\"p126\"> Vous pouvez la garder sans probl\u00e8me une semaine dans le frigo.<\/span><\/li>\n<li><span id=\"p144\">Cong\u00e9lation :<\/span><span id=\"p145\"> nous conseillons une cong\u00e9lation \u00e0 -20\u00b0 C. N'empilez jamais les paquets les uns sur les autres s'ils ne sont pas encore congel\u00e9s.<\/span><\/li>\n<li><span id=\"p147\">D\u00e9cong\u00e9lation :<\/span><span id=\"p148\">\u00a0calculez assez de temps pour permettre \u00e0 la viande de d\u00e9congeler.<\/span><span id=\"p146\">\u00a0C'est ainsi que vous obtiendrez la meilleure qualit\u00e9.<\/span><span id=\"p132\">\u00a0Nous d\u00e9conseillons fortement de d\u00e9congeler la viande dans le\u00a0<span id=\"142\">mirco-onde.<\/span><\/span><\/li>\n<\/ul>\n<\/div>\n<\/div><\/div><\/div><div id=\"pgc-912-2-1\"  class=\"panel-grid-cell panel-grid-cell-empty\" ><\/div><\/div><\/div>","protected":false},"excerpt":{"rendered":"<p>Les cochons appartiennent depuis toujours \u00e0 la ferme Mathis. Au d\u00e9but, c&rsquo;\u00e9tait des cochons Vietnamiens, ensuite des cochons laineux et maintenant de septembre \u00e0 mars le grand porc blanc. Sur notre vaste champ, ils peuvent retourner la terre et se goinfrer de courges. Nous leurs donnons des courges que nous ne pouvons vendre ainsi que &hellip; <a href=\"https:\/\/www.mathis-hof.ch\/fr\/cochons\/\" class=\"more-link\">Continue reading <span class=\"screen-reader-text\">Cochons<\/span> <span class=\"meta-nav\">&rarr;<\/span><\/a><\/p>\n","protected":false},"author":2,"featured_media":1689,"parent":0,"menu_order":26,"comment_status":"closed","ping_status":"closed","template":"","meta":{"footnotes":""},"class_list":["post-912","page","type-page","status-publish","has-post-thumbnail","hentry"],"_links":{"self":[{"href":"https:\/\/www.mathis-hof.ch\/fr\/wp-json\/wp\/v2\/pages\/912","targetHints":{"allow":["GET"]}}],"collection":[{"href":"https:\/\/www.mathis-hof.ch\/fr\/wp-json\/wp\/v2\/pages"}],"about":[{"href":"https:\/\/www.mathis-hof.ch\/fr\/wp-json\/wp\/v2\/types\/page"}],"author":[{"embeddable":true,"href":"https:\/\/www.mathis-hof.ch\/fr\/wp-json\/wp\/v2\/users\/2"}],"replies":[{"embeddable":true,"href":"https:\/\/www.mathis-hof.ch\/fr\/wp-json\/wp\/v2\/comments?post=912"}],"version-history":[{"count":27,"href":"https:\/\/www.mathis-hof.ch\/fr\/wp-json\/wp\/v2\/pages\/912\/revisions"}],"predecessor-version":[{"id":2234,"href":"https:\/\/www.mathis-hof.ch\/fr\/wp-json\/wp\/v2\/pages\/912\/revisions\/2234"}],"wp:featuredmedia":[{"embeddable":true,"href":"https:\/\/www.mathis-hof.ch\/fr\/wp-json\/wp\/v2\/media\/1689"}],"wp:attachment":[{"href":"https:\/\/www.mathis-hof.ch\/fr\/wp-json\/wp\/v2\/media?parent=912"}],"curies":[{"name":"wp","href":"https:\/\/api.w.org\/{rel}","templated":true}]}}