{"id":922,"date":"2021-02-01T15:10:37","date_gmt":"2021-02-01T13:10:37","guid":{"rendered":"https:\/\/www.mathis-hof.ch\/?page_id=922"},"modified":"2023-08-01T21:24:17","modified_gmt":"2023-08-01T19:24:17","slug":"fleurs-2","status":"publish","type":"page","link":"https:\/\/www.mathis-hof.ch\/fr\/fleurs-2\/","title":{"rendered":"Fleurs"},"content":{"rendered":"<div id=\"pl-922\"  class=\"panel-layout\" ><div id=\"pg-922-0\"  class=\"panel-grid panel-no-style\" ><div id=\"pgc-922-0-0\"  class=\"panel-grid-cell\" ><div id=\"panel-922-0-0-0\" class=\"so-panel widget widget_sow-editor panel-first-child panel-last-child\" data-index=\"0\" ><div\n\t\t\t\n\t\t\tclass=\"so-widget-sow-editor so-widget-sow-editor-base\"\n\t\t\t\n\t\t><h3 class=\"widget-title\">Champ de fleurs <\/h3>\n<div class=\"siteorigin-widget-tinymce textwidget\">\n\t<p><a href=\"http:\/\/mathis-blumen.ch\" target=\"_blank\" rel=\"noopener noreferrer\"><img loading=\"lazy\" decoding=\"async\" class=\"alignnone wp-image-664\" src=\"https:\/\/www.mathis-hof.ch\/wp-content\/uploads\/Logo1-300x300.png\" alt=\"\" width=\"189\" height=\"189\" srcset=\"https:\/\/www.mathis-hof.ch\/wp-content\/uploads\/Logo1-300x300.png 300w, https:\/\/www.mathis-hof.ch\/wp-content\/uploads\/Logo1-150x150.png 150w, https:\/\/www.mathis-hof.ch\/wp-content\/uploads\/Logo1-325x325.png 325w, https:\/\/www.mathis-hof.ch\/wp-content\/uploads\/Logo1-250x250.png 250w, https:\/\/www.mathis-hof.ch\/wp-content\/uploads\/Logo1-230x230.png 230w, https:\/\/www.mathis-hof.ch\/wp-content\/uploads\/Logo1.png 480w\" sizes=\"auto, (max-width: 189px) 100vw, 189px\" \/><\/a>Depuis le 1er janvier 2019, nous, Evelyne et Samuel Mathis-Saladin, avons le plaisir de g\u00e9rer le champ de fleurs sur le Bruderholz, entre le ch\u00e2teau d'eau et l'h\u00f4pital Bruderholz. Nous exploitons \u00e9galement le champ de fleurs de la Therwilerstrasse \u00e0 Bottmingen. Sur le site <strong>www.mathis-blumen.ch<\/strong>, vous en apprendrez plus sur nos champs, sur nous-m\u00eames et sur notre entreprise de floriculture.<\/p>\n<\/div>\n<\/div><\/div><\/div><div id=\"pgc-922-0-1\"  class=\"panel-grid-cell\" ><div id=\"panel-922-0-1-0\" class=\"so-panel widget widget_sow-editor panel-first-child panel-last-child\" data-index=\"1\" ><div\n\t\t\t\n\t\t\tclass=\"so-widget-sow-editor so-widget-sow-editor-base\"\n\t\t\t\n\t\t><h3 class=\"widget-title\">Informations sur les champs de fleurs<\/h3>\n<div class=\"siteorigin-widget-tinymce textwidget\">\n\t<div class=\"siteorigin-widget-tinymce textwidget\">\n<p>Notre champ de fleurs se trouve sur le Bruderholz, juste \u00e0 c\u00f4t\u00e9 du ch\u00e2teau d'eau. Il y a suffisamment de places de parking le long de la route. Avec les transports en commun, vous pouvez vous rendre au Blumenfeld avec le bus n\u00b0 37, arr\u00eat Bedrettostrasse. Acc\u00e8s et plan de situation sous : <strong>www.mathis-blumen.ch\/anfahrt\/<\/strong><br \/>\nLe champ de fleurs est ouvert tous les jours de mars \u00e0 novembre, du lever au coucher du soleil.<\/p>\n<\/div>\n<\/div>\n<\/div><\/div><\/div><\/div><div id=\"pg-922-1\"  class=\"panel-grid panel-no-style\" ><div id=\"pgc-922-1-0\"  class=\"panel-grid-cell\" ><div id=\"panel-922-1-0-0\" class=\"so-panel widget widget_sow-editor panel-first-child panel-last-child\" data-index=\"2\" ><div\n\t\t\t\n\t\t\tclass=\"so-widget-sow-editor so-widget-sow-editor-base\"\n\t\t\t\n\t\t><h3 class=\"widget-title\">Conseils<\/h3>\n<div class=\"siteorigin-widget-tinymce textwidget\">\n\t<p>Dans la mesure du possible, coupez votre bouquet t\u00f4t le matin ou par temps maussade et frais. Les fleurs doivent \u00eatre \u00e0 moiti\u00e9 ouvertes ou du moins montrer des couleurs.<\/p>\n<p>&nbsp;<\/p>\n<p>Placez le bouquet le plus rapidement possible dans de l'eau fra\u00eeche et recoupez les fleurs au pr\u00e9alable.<\/p>\n<p>&nbsp;<\/p>\n<p>Si vous souhaitez offrir les fleurs, conservez-les d'ici l\u00e0 dans un vase dans un endroit frais et sombre.<\/p>\n<\/div>\n<\/div><\/div><\/div><div id=\"pgc-922-1-1\"  class=\"panel-grid-cell\" ><div id=\"panel-922-1-1-0\" class=\"so-panel widget widget_sow-editor panel-first-child panel-last-child\" data-index=\"3\" ><div\n\t\t\t\n\t\t\tclass=\"so-widget-sow-editor so-widget-sow-editor-base\"\n\t\t\t\n\t\t><h3 class=\"widget-title\">Histoire<\/h3>\n<div class=\"siteorigin-widget-tinymce textwidget\">\n\t<p>En 1990, nous avons commenc\u00e9 notre premier champ de fleurs. Nous faisions partie des premiers agriculteurs de Suisse \u00e0 proposer des fleurs \u00e0 couper soi-m\u00eame. D\u00e8s le d\u00e9but, notre champ de fleurs a connu un grand succ\u00e8s, si bien que quelques ann\u00e9es plus tard seulement, nous avons ouvert un deuxi\u00e8me champ de roses. Les fleurs coup\u00e9es sont rapidement devenues une branche importante de l'exploitation. Afin de nous donner des id\u00e9es et d'\u00e9largir nos connaissances, nous nous sommes rendus plusieurs fois en Hollande \u00e0 cette \u00e9poque. Nous y avons rendu visite \u00e0 des producteurs de bulbes et avons \u00e9galement visit\u00e9 les champs de fleurs d'autres agriculteurs.<\/p>\n<p>&nbsp;<\/p>\n<p>Depuis le 1er janvier 2019, la g\u00e9n\u00e9ration suivante, Samuel et Evelyne Mathis-Saladin, a repris l'exploitation des champs de fleurs. Sur le site <strong>www.mathis-blumen.ch<\/strong>, vous en apprendrez plus sur nos champs, sur nous et sur notre entreprise de floriculture.<\/p>\n<p>&nbsp;<\/p>\n<p>&nbsp;<\/p>\n<\/div>\n<\/div><\/div><\/div><\/div><\/div>","protected":false},"excerpt":{"rendered":"<p>Depuis le 1er janvier 2019, nous, Evelyne et Samuel Mathis-Saladin, avons le plaisir de g\u00e9rer le champ de fleurs sur le Bruderholz, entre le ch\u00e2teau d&rsquo;eau et l&rsquo;h\u00f4pital Bruderholz. Nous exploitons \u00e9galement le champ de fleurs de la Therwilerstrasse \u00e0 Bottmingen. Sur le site www.mathis-blumen.ch, vous en apprendrez plus sur nos champs, sur nous-m\u00eames et &hellip; <a href=\"https:\/\/www.mathis-hof.ch\/fr\/fleurs-2\/\" class=\"more-link\">Continue reading <span class=\"screen-reader-text\">Fleurs<\/span> <span class=\"meta-nav\">&rarr;<\/span><\/a><\/p>\n","protected":false},"author":2,"featured_media":1692,"parent":0,"menu_order":27,"comment_status":"closed","ping_status":"closed","template":"","meta":{"footnotes":""},"class_list":["post-922","page","type-page","status-publish","has-post-thumbnail","hentry"],"_links":{"self":[{"href":"https:\/\/www.mathis-hof.ch\/fr\/wp-json\/wp\/v2\/pages\/922","targetHints":{"allow":["GET"]}}],"collection":[{"href":"https:\/\/www.mathis-hof.ch\/fr\/wp-json\/wp\/v2\/pages"}],"about":[{"href":"https:\/\/www.mathis-hof.ch\/fr\/wp-json\/wp\/v2\/types\/page"}],"author":[{"embeddable":true,"href":"https:\/\/www.mathis-hof.ch\/fr\/wp-json\/wp\/v2\/users\/2"}],"replies":[{"embeddable":true,"href":"https:\/\/www.mathis-hof.ch\/fr\/wp-json\/wp\/v2\/comments?post=922"}],"version-history":[{"count":12,"href":"https:\/\/www.mathis-hof.ch\/fr\/wp-json\/wp\/v2\/pages\/922\/revisions"}],"predecessor-version":[{"id":1501,"href":"https:\/\/www.mathis-hof.ch\/fr\/wp-json\/wp\/v2\/pages\/922\/revisions\/1501"}],"wp:featuredmedia":[{"embeddable":true,"href":"https:\/\/www.mathis-hof.ch\/fr\/wp-json\/wp\/v2\/media\/1692"}],"wp:attachment":[{"href":"https:\/\/www.mathis-hof.ch\/fr\/wp-json\/wp\/v2\/media?parent=922"}],"curies":[{"name":"wp","href":"https:\/\/api.w.org\/{rel}","templated":true}]}}