{"id":970,"date":"2021-02-03T12:48:16","date_gmt":"2021-02-03T10:48:16","guid":{"rendered":"https:\/\/www.mathis-hof.ch\/?page_id=970"},"modified":"2025-11-17T12:43:11","modified_gmt":"2025-11-17T10:43:11","slug":"sapins","status":"publish","type":"page","link":"https:\/\/www.mathis-hof.ch\/fr\/sapins\/","title":{"rendered":"Sapins"},"content":{"rendered":"<div id=\"pl-970\"  class=\"panel-layout\" ><div id=\"pg-970-0\"  class=\"panel-grid panel-no-style\" ><div id=\"pgc-970-0-0\"  class=\"panel-grid-cell\" ><div id=\"panel-970-0-0-0\" class=\"so-panel widget widget_sow-editor panel-first-child panel-last-child\" data-index=\"0\" ><div\n\t\t\t\n\t\t\tclass=\"so-widget-sow-editor so-widget-sow-editor-base\"\n\t\t\t\n\t\t><h3 class=\"widget-title\">Vente de sapins<\/h3>\n<div class=\"siteorigin-widget-tinymce textwidget\">\n\t<p><a style=\"font-size: 16px;\" href=\"https:\/\/www.mathis-hof.ch\/wp-content\/uploads\/Christbaum-Auswahl-Mathis-Hof.jpg\"><img loading=\"lazy\" decoding=\"async\" class=\"alignnone wp-image-232 size-medium\" src=\"https:\/\/www.mathis-hof.ch\/wp-content\/uploads\/Christbaum-Auswahl-Mathis-Hof-300x225.jpg\" sizes=\"auto, (max-width: 300px) 100vw, 300px\" srcset=\"https:\/\/www.mathis-hof.ch\/wp-content\/uploads\/Christbaum-Auswahl-Mathis-Hof-300x225.jpg 300w, https:\/\/www.mathis-hof.ch\/wp-content\/uploads\/Christbaum-Auswahl-Mathis-Hof-768x576.jpg 768w, https:\/\/www.mathis-hof.ch\/wp-content\/uploads\/Christbaum-Auswahl-Mathis-Hof.jpg 800w\" alt=\"\" width=\"300\" height=\"225\" \/><\/a><\/p>\n<p>F\u00eatez No\u00ebl avec un sapin de Bottmingen. Il aura grandi ici, pas de long transport derri\u00e8re lui et gr\u00e2ce \u00e0 cela bien plus \u00e9cologique que les sapins venant du Nord. Il est coup\u00e9 fra\u00eechement et tiendra plus longtemps.<\/p>\n<p>Nous sommes partenaires de l'association des sapins Suisse (IG Suisse Christbaum) et recevont ainsi des directives claires pour une production respectueuse de l'environnement.Les sapins sont en vente directe \u00e0 la ferme, du lundi au dimanche de 8h \u00e0 12h et de 13h30 \u00e0 18h. Merci de respecter notre pause de midi \ud83d\ude42 Demandez nous conseil pour le choix de votre sapin, nous nous ferons un plaisir de vous aider \u00e0 trouver votre bonheur.<\/p>\n<\/div>\n<\/div><\/div><\/div><\/div><div id=\"pg-970-1\"  class=\"panel-grid panel-no-style\" ><div id=\"pgc-970-1-0\"  class=\"panel-grid-cell\" ><div id=\"panel-970-1-0-0\" class=\"so-panel widget widget_sow-editor panel-first-child panel-last-child\" data-index=\"1\" ><div\n\t\t\t\n\t\t\tclass=\"so-widget-sow-editor so-widget-sow-editor-base\"\n\t\t\t\n\t\t><h3 class=\"widget-title\">Infos<\/h3>\n<div class=\"siteorigin-widget-tinymce textwidget\">\n\t<p><a href=\"https:\/\/www.mathis-hof.ch\/wp-content\/uploads\/IMG-0388.jpg\"><img loading=\"lazy\" decoding=\"async\" class=\"alignnone wp-image-344 size-medium\" src=\"https:\/\/www.mathis-hof.ch\/wp-content\/uploads\/IMG-0388-300x225.jpg\" sizes=\"auto, (max-width: 300px) 100vw, 300px\" srcset=\"https:\/\/www.mathis-hof.ch\/wp-content\/uploads\/IMG-0388-300x225.jpg 300w, https:\/\/www.mathis-hof.ch\/wp-content\/uploads\/IMG-0388-768x576.jpg 768w, https:\/\/www.mathis-hof.ch\/wp-content\/uploads\/IMG-0388-920x690.jpg 920w\" alt=\"\" width=\"300\" height=\"225\" \/><\/a><\/p>\n<p>La vente de sapins se fait \u00e0 la ferme \u00e0 partir de la derni\u00e8re semaine de novembre jusqu'\u00e0 No\u00ebl, du lundi au dimanche de 8h \u00e0 12h et de 13h30 \u00e0 18h. Merci de respecter notre pause \u00e0 midi. Demandez nous conseil pour le choix de votre sapin, nous nous ferons un plaisir de vous aider \u00e0 trouver votre bonheur.<\/p>\n<\/div>\n<\/div><\/div><\/div><div id=\"pgc-970-1-1\"  class=\"panel-grid-cell\" ><div id=\"panel-970-1-1-0\" class=\"so-panel widget widget_sow-editor panel-first-child panel-last-child\" data-index=\"2\" ><div\n\t\t\t\n\t\t\tclass=\"so-widget-sow-editor so-widget-sow-editor-base\"\n\t\t\t\n\t\t><h3 class=\"widget-title\">Sortes<\/h3>\n<div class=\"siteorigin-widget-tinymce textwidget\">\n\t<p>Nous<\/p>\n<p>Nous proposons un choix le plus large possible de sortes de sapins. Chaque sorte \u00e0 ses avantages et ses propri\u00e9t\u00e9s. Informations d\u00e9taill\u00e9es sur les sortes ici <a href=\"https:\/\/www.mathis-hof.ch\/wp-content\/uploads\/Christbaum_Flyer.pdf\" target=\"_blank\" rel=\"noopener\">Flyer<\/a><\/p>\n<\/div>\n<\/div><\/div><\/div><\/div><div id=\"pg-970-2\"  class=\"panel-grid panel-no-style\" ><div id=\"pgc-970-2-0\"  class=\"panel-grid-cell\" ><div id=\"panel-970-2-0-0\" class=\"so-panel widget widget_sow-editor panel-first-child panel-last-child\" data-index=\"3\" ><div\n\t\t\t\n\t\t\tclass=\"so-widget-sow-editor so-widget-sow-editor-base\"\n\t\t\t\n\t\t><h3 class=\"widget-title\">Prix<\/h3>\n<div class=\"siteorigin-widget-tinymce textwidget\">\n\t<p>Le prix d\u00e9pend de la sorte, de la taille et de la forme. Nous vous conseillons volontiers.<\/p>\n<\/div>\n<\/div><\/div><\/div><div id=\"pgc-970-2-1\"  class=\"panel-grid-cell\" ><div id=\"panel-970-2-1-0\" class=\"so-panel widget widget_sow-editor panel-first-child panel-last-child\" data-index=\"4\" ><div\n\t\t\t\n\t\t\tclass=\"so-widget-sow-editor so-widget-sow-editor-base\"\n\t\t\t\n\t\t><h3 class=\"widget-title\">Branches <\/h3>\n<div class=\"siteorigin-widget-tinymce textwidget\">\n\t<p>Vous trouverez chez nous \u00e9galement des branches pour faire votre couronne de l'Avent ainsi que vos d\u00e9corations de No\u00ebl. Vous les trouverez chez nous d\u00e8s mi-novembre.<\/p>\n<\/div>\n<\/div><\/div><\/div><\/div><div id=\"pg-970-3\"  class=\"panel-grid panel-no-style\" ><div id=\"pgc-970-3-0\"  class=\"panel-grid-cell\" ><div id=\"panel-970-3-0-0\" class=\"so-panel widget widget_sow-editor panel-first-child panel-last-child\" data-index=\"5\" ><div\n\t\t\t\n\t\t\tclass=\"so-widget-sow-editor so-widget-sow-editor-base\"\n\t\t\t\n\t\t><h3 class=\"widget-title\">Conseils<\/h3>\n<div class=\"siteorigin-widget-tinymce textwidget\">\n\t<div class=\"siteorigin-widget-tinymce textwidget\">\n<ul>\n<li>D\u00e9poser votre arbre jusqu'\u00e0 ce que vous le d\u00e9ballez dans un endroit frais et humide et dans un sceau d'eau.<\/li>\n<li>Vous pouvez le laissez dans le filet jusqu'\u00e0 ce que vous l'installiez. Les branches reprendront leur forme naturelle une fois le filet enlev\u00e9.<\/li>\n<li>L'arbre puise l'eau \u00e0 travers le cambium, cette fine couche juste en dessous de l'\u00e9corce. C'est pourquoi nous vous conseillons notre syst\u00e8me Easy-Fix, o\u00f9 les arbres sont perc\u00e9s au centre.<\/li>\n<li>Achetez votre arbre dans la r\u00e9gion. Vous prot\u00e9gez ainsi la nature (pas de longs transports) et avez un arbre coup\u00e9 fra\u00eechement qui tiendra plus longtemps.<\/li>\n<\/ul>\n<\/div>\n<\/div>\n<\/div><\/div><\/div><div id=\"pgc-970-3-1\"  class=\"panel-grid-cell\" ><div id=\"panel-970-3-1-0\" class=\"so-panel widget widget_sow-editor panel-first-child panel-last-child\" data-index=\"6\" ><div\n\t\t\t\n\t\t\tclass=\"so-widget-sow-editor so-widget-sow-editor-base\"\n\t\t\t\n\t\t><h3 class=\"widget-title\">Syst\u00e8me Easy-Fix<\/h3>\n<div class=\"siteorigin-widget-tinymce textwidget\">\n\t<p>Easy-Fix St\u00e4nder<\/p>\n<p>Autrefois les apins de No\u00ebl \u00e9taient souvent aiguis\u00e9 en pointe. Nous avons remarqu\u00e9 que l'arbre ne pouvait pas prendre correctement l'eau. Les sapins ayant moins d'apports en eau, ils s\u00e8chent plus vite et perdent leurs aiguilles. Avec le syst\u00e8me Easy-Fix, nous avons trouv\u00e9 une solution. Un trou et perc\u00e9 au milieu du tronc, (nous le faisons pour vous \u00e0 la ferme) et le cambium est ainsi conserv\u00e9. L'arbre vient simplement d\u00e9pos\u00e9 sur une pointe en m\u00e9tal et il suffit d'ajouter de l'eau. Plus besoin de faire de nombreux efforts pour essayer de le mettre droit. Les pieds de sapins sont vendus chez nous pour 40.-<\/p>\n<\/div>\n<\/div><\/div><\/div><\/div><div id=\"pg-970-4\"  class=\"panel-grid panel-no-style\" ><div id=\"pgc-970-4-0\"  class=\"panel-grid-cell\" ><div id=\"panel-970-4-0-0\" class=\"so-panel widget widget_sow-editor panel-first-child panel-last-child\" data-index=\"7\" ><div\n\t\t\t\n\t\t\tclass=\"so-widget-sow-editor so-widget-sow-editor-base\"\n\t\t\t\n\t\t><h3 class=\"widget-title\">Histoire<\/h3>\n<div class=\"siteorigin-widget-tinymce textwidget\">\n\t<p><a style=\"font-size: 16px;\" href=\"https:\/\/www.mathis-hof.ch\/wp-content\/uploads\/IMG_3737-e1560443522615.jpg\"><img loading=\"lazy\" decoding=\"async\" class=\"alignnone wp-image-618 size-medium\" src=\"https:\/\/www.mathis-hof.ch\/wp-content\/uploads\/IMG_3737-e1560443396951-225x300.jpg\" alt=\"\" width=\"225\" height=\"300\" \/><\/a><\/p>\n<p>Une exploitation agricole, comme n'importe quelle autre entreprise, doit se d\u00e9velopper constamment. Vers la fin des ann\u00e9es 90, nous avons commenc\u00e9 \u00e0 planter des sapins. Dans une ferme, les travaux sont concentr\u00e9s au printemps et en automne. Les sapins de No\u00ebl sont un bon compl\u00e9ment qui se combinent tr\u00e8s bien avec le reste. Depuis 2006 nous vendons nos v\u00e9ritables sapins de Bottmingen \u00e0 la ferme et depuis 2008 notre fameux \"Evenement sapins de No\u00ebl\".<\/p>\n<\/div>\n<\/div><\/div><\/div><div id=\"pgc-970-4-1\"  class=\"panel-grid-cell\" ><div id=\"panel-970-4-1-0\" class=\"so-panel widget widget_sow-editor panel-first-child panel-last-child\" data-index=\"8\" ><div\n\t\t\t\n\t\t\tclass=\"so-widget-sow-editor so-widget-sow-editor-base\"\n\t\t\t\n\t\t><h3 class=\"widget-title\">Couper son propre sapin<\/h3>\n<div class=\"siteorigin-widget-tinymce textwidget\">\n\t<p><a style=\"font-size: 16px;\" href=\"https:\/\/www.mathis-hof.ch\/wp-content\/uploads\/IMG-0412.jpg\"><img loading=\"lazy\" decoding=\"async\" class=\"alignnone wp-image-363 size-medium\" src=\"https:\/\/www.mathis-hof.ch\/wp-content\/uploads\/IMG-0412-300x225.jpg\" sizes=\"auto, (max-width: 300px) 100vw, 300px\" srcset=\"https:\/\/www.mathis-hof.ch\/wp-content\/uploads\/IMG-0412-300x225.jpg 300w, https:\/\/www.mathis-hof.ch\/wp-content\/uploads\/IMG-0412-768x576.jpg 768w, https:\/\/www.mathis-hof.ch\/wp-content\/uploads\/IMG-0412-920x690.jpg 920w\" alt=\"\" width=\"300\" height=\"225\" \/><\/a><\/p>\n<p>Un \u00e9v\u00e9nement sp\u00e9cial pour les jeunes et les plus \u00e2g\u00e9s.\u00a0 Le deuxi\u00e8me week-end de l'Avent (13 et 14 d\u00e9cembre 2025) nous ouvrons notre culture\u00a0 au public et vous pouvez vous-m\u00eame choisir et couper votre sapin de No\u00ebl. Nos b\u00e9n\u00e9voles vous aident volontiers, nous avons tout le mat\u00e9riel disponible. Votre arbre sera ensuite transport\u00e9 \u00e0 la ferme o\u00f9 il sera pr\u00e9par\u00e9 et emball\u00e9. Le trajet depuis la ferme jusqu'au champ est d'environ 20min pour 1.5km \u00e0 pied. Si le trajet est pour vous trop long, vous pouvez aussi choisir votre arbre \u00e0 la ferme. Vous aurez la possibilit\u00e9 de griller un cervelas et notre \"pain serpent sur la baguette\". Nous avons quelques places de parc disponibles, pr\u00e9f\u00e9rez les transports public, vous pouvez venir la semaine suivante chercher votre arbre r\u00e9serv\u00e9 directement \u00e0 la ferme.<\/p>\n<\/div>\n<\/div><\/div><\/div><\/div><\/div>","protected":false},"excerpt":{"rendered":"<p>F\u00eatez No\u00ebl avec un sapin de Bottmingen. Il aura grandi ici, pas de long transport derri\u00e8re lui et gr\u00e2ce \u00e0 cela bien plus \u00e9cologique que les sapins venant du Nord. Il est coup\u00e9 fra\u00eechement et tiendra plus longtemps. Nous sommes partenaires de l&rsquo;association des sapins Suisse (IG Suisse Christbaum) et recevont ainsi des directives claires &hellip; <a href=\"https:\/\/www.mathis-hof.ch\/fr\/sapins\/\" class=\"more-link\">Continue reading <span class=\"screen-reader-text\">Sapins<\/span> <span class=\"meta-nav\">&rarr;<\/span><\/a><\/p>\n","protected":false},"author":2,"featured_media":1675,"parent":0,"menu_order":15,"comment_status":"open","ping_status":"closed","template":"","meta":{"footnotes":""},"class_list":["post-970","page","type-page","status-publish","has-post-thumbnail","hentry"],"_links":{"self":[{"href":"https:\/\/www.mathis-hof.ch\/fr\/wp-json\/wp\/v2\/pages\/970","targetHints":{"allow":["GET"]}}],"collection":[{"href":"https:\/\/www.mathis-hof.ch\/fr\/wp-json\/wp\/v2\/pages"}],"about":[{"href":"https:\/\/www.mathis-hof.ch\/fr\/wp-json\/wp\/v2\/types\/page"}],"author":[{"embeddable":true,"href":"https:\/\/www.mathis-hof.ch\/fr\/wp-json\/wp\/v2\/users\/2"}],"replies":[{"embeddable":true,"href":"https:\/\/www.mathis-hof.ch\/fr\/wp-json\/wp\/v2\/comments?post=970"}],"version-history":[{"count":28,"href":"https:\/\/www.mathis-hof.ch\/fr\/wp-json\/wp\/v2\/pages\/970\/revisions"}],"predecessor-version":[{"id":2197,"href":"https:\/\/www.mathis-hof.ch\/fr\/wp-json\/wp\/v2\/pages\/970\/revisions\/2197"}],"wp:featuredmedia":[{"embeddable":true,"href":"https:\/\/www.mathis-hof.ch\/fr\/wp-json\/wp\/v2\/media\/1675"}],"wp:attachment":[{"href":"https:\/\/www.mathis-hof.ch\/fr\/wp-json\/wp\/v2\/media?parent=970"}],"curies":[{"name":"wp","href":"https:\/\/api.w.org\/{rel}","templated":true}]}}