{"id":985,"date":"2021-02-03T15:42:44","date_gmt":"2021-02-03T13:42:44","guid":{"rendered":"https:\/\/www.mathis-hof.ch\/?page_id=985"},"modified":"2025-12-23T11:17:36","modified_gmt":"2025-12-23T09:17:36","slug":"labyrinthe-de-mais","status":"publish","type":"page","link":"https:\/\/www.mathis-hof.ch\/fr\/labyrinthe-de-mais\/","title":{"rendered":"Labyrinthe de Mais"},"content":{"rendered":"<div id=\"pl-985\"  class=\"panel-layout\" ><div id=\"pg-985-0\"  class=\"panel-grid panel-no-style\" ><div id=\"pgc-985-0-0\"  class=\"panel-grid-cell\" ><div id=\"panel-985-0-0-0\" class=\"so-panel widget widget_sow-editor panel-first-child panel-last-child\" data-index=\"0\" ><div\n\t\t\t\n\t\t\tclass=\"so-widget-sow-editor so-widget-sow-editor-base\"\n\t\t\t\n\t\t><h3 class=\"widget-title\">Bienvenue dans notre labyrinthe de ma\u00efs!<\/h3>\n<div class=\"siteorigin-widget-tinymce textwidget\">\n\t<p>Un lieu o\u00f9 l'aventure et la convivialit\u00e9 se rencontrent ! Promenez vous dans notre champ de ma\u00efs, perdez vous dans le labyrinthe, et d\u00e9couvrez de nouveaux endroits tout en jouant \u00e0 cache-cache. Rejoignez-nous pour griller une saucisse et partager de beaux moments ensemble, confortablement install\u00e9s.<\/p>\n<p>&nbsp;<\/p>\n<p>Chaque ann\u00e9e, nous concevons un tout nouveau labyrinthe juste \u00e0 c\u00f4t\u00e9 de notre ferme, couvrant une surface \u00e9quivalente \u00e0 deux terrains de football. Vous serez surpris par les nouveaux jeux et les d\u00e9couvertes qui vous attendent \u00e0 chaque visite. Cette exp\u00e9rience est faite pour petits et grands, offrant un divertissement unique pour toute la famille.<\/p>\n<p>Profitez de l'occasion pour pique-niquer et faire des grillades \u00e0 nos nombreux emplacements pr\u00e9vus \u00e0 cet effet. Si vous avez besoin de bois pour les grillades, notre magasin \u00e0 la ferme est l\u00e0 pour vous.<\/p>\n<p>Venez nous rejoindre de la mi-juillet \u00e0 la mi-octobre, pour profiter de cette exp\u00e9rience unique en son genre. Alors ne manquez pas cette occasion de vivre des moments inoubliables avec nous !<\/p>\n<p>Nous avons h\u00e2te de vous accueillir et de vous faire vivre une aventure m\u00e9morable dans notre labyrinthe de ma\u00efs. \u00c0 tr\u00e8s bient\u00f4t !<\/p>\n<p>&nbsp;<\/p>\n<p>Le <strong>labyrinthe de ma\u00efs<\/strong> est actuellement<strong> ferm\u00e9<\/strong>. Nous serons heureux de vous accueillir \u00e0 nouveau \u00e0 la mi\u2011juillet\u202f2026.<\/p>\n<\/div>\n<\/div><\/div><\/div><div id=\"pgc-985-0-1\"  class=\"panel-grid-cell\" ><div id=\"panel-985-0-1-0\" class=\"so-panel widget widget_sow-editor panel-first-child panel-last-child\" data-index=\"1\" ><div\n\t\t\t\n\t\t\tclass=\"so-widget-sow-editor so-widget-sow-editor-base\"\n\t\t\t\n\t\t><h3 class=\"widget-title\">Info<\/h3>\n<div class=\"siteorigin-widget-tinymce textwidget\">\n\t<p>Nous sommes enchant\u00e9s de vous accueillir tous les jours, de mi-juillet \u00e0 mi-octobre environ, Venez vous perdre dans notre labyrinthe fascinant !<\/p>\n<p>Pour les groupes plus nombreux, veuillez vous inscrire par e-mail \u00e0 l'adresse <a href=\"mailto:info@mathis-hof.ch\" target=\"_new\" rel=\"noopener\">info@mathis-hof.ch<\/a>, car l'espace dans le ma\u00efs est limit\u00e9.<\/p>\n<p>Vous trouverez \u00e9galement des places de parking pratiques \u00e0 la ferme. Profitez de l'aventure et venez nous rendre visite d\u00e8s maintenant !<\/p>\n<p>&nbsp;<\/p>\n<p>Am\u00e9nagement:<br \/>\n- Trampoline<br \/>\n- Jardin d'escalade<br \/>\n- Toboggans<br \/>\n- Tyrolienne<br \/>\n- Barbecues avec tables de pique-nique (le bois peut \u00eatre achet\u00e9 au magasin de la ferme)<br \/>\n- Et bien d'autres choses encore<\/p>\n<\/div>\n<\/div><\/div><\/div><\/div><div id=\"pg-985-1\"  class=\"panel-grid panel-no-style\" ><div id=\"pgc-985-1-0\"  class=\"panel-grid-cell\" ><div id=\"panel-985-1-0-0\" class=\"so-panel widget widget_sow-editor panel-first-child panel-last-child\" data-index=\"2\" ><div\n\t\t\t\n\t\t\tclass=\"so-widget-sow-editor so-widget-sow-editor-base\"\n\t\t\t\n\t\t><h3 class=\"widget-title\">Prix<\/h3>\n<div class=\"siteorigin-widget-tinymce textwidget\">\n\t<p>Adultes CHF 5.00<\/p>\n<p>Enfants CHF 3.00<\/p>\n<p>Chien (en laisse) CHF 3.00<\/p>\n<p>Billes pour le circuit de billes CHF 2.00<\/p>\n<p>&nbsp;<\/p>\n<p>Les groupes de <strong>10 personnes<\/strong> ou plus b\u00e9n\u00e9ficient d'une <strong>r\u00e9duction<\/strong> sur r\u00e9servation (au moins 2 jours \u00e0 l'avance).<\/p>\n<p>&nbsp;<\/p>\n<p>Nous serons heureux de vous accueillir et de rendre votre exp\u00e9rience m\u00e9morable. Ne manquez pas cette opportunit\u00e9 et r\u00e9servez d\u00e8s maintenant !<\/p>\n<\/div>\n<\/div><\/div><\/div><div id=\"pgc-985-1-1\"  class=\"panel-grid-cell\" ><div id=\"panel-985-1-1-0\" class=\"so-panel widget widget_sow-editor panel-first-child panel-last-child\" data-index=\"3\" ><div\n\t\t\t\n\t\t\tclass=\"so-widget-sow-editor so-widget-sow-editor-base\"\n\t\t\t\n\t\t><h3 class=\"widget-title\">partenaire<\/h3>\n<div class=\"siteorigin-widget-tinymce textwidget\">\n\t<p><a href=\"https:\/\/www.freizeit.ch\/freizeit\/21952\/maislabyrinth-auf-dem-mathishof\" target=\"_blank\" rel=\"noopener\"><img loading=\"lazy\" decoding=\"async\" class=\"alignnone\" src=\"https:\/\/www.freizeit.ch\/public\/mediakit\/freizeit_logos\/freizeit_logo_partner_pos_transp.png\" alt=\"Freizeit.ch\" width=\"300\" height=\"125\" \/><\/a><\/p>\n<\/div>\n<\/div><\/div><\/div><\/div><div id=\"pg-985-2\"  class=\"panel-grid panel-no-style\" ><div id=\"pgc-985-2-0\"  class=\"panel-grid-cell panel-grid-cell-mobile-last\" ><div id=\"panel-985-2-0-0\" class=\"so-panel widget widget_sow-editor panel-first-child panel-last-child\" data-index=\"4\" ><div\n\t\t\t\n\t\t\tclass=\"so-widget-sow-editor so-widget-sow-editor-base\"\n\t\t\t\n\t\t><h3 class=\"widget-title\"> Labyrinthe de ma\u00efs Inscription de groupe<\/h3>\n<div class=\"siteorigin-widget-tinymce textwidget\">\n\t\n<div class=\"wpcf7 no-js\" id=\"wpcf7-f2048-o1\" lang=\"fr-FR\" dir=\"ltr\" data-wpcf7-id=\"2048\">\n<div class=\"screen-reader-response\"><p role=\"status\" aria-live=\"polite\" aria-atomic=\"true\"><\/p> <ul><\/ul><\/div>\n<form action=\"\/fr\/wp-json\/wp\/v2\/pages\/985#wpcf7-f2048-o1\" method=\"post\" class=\"wpcf7-form init\" aria-label=\"Formulaire de contact\" novalidate=\"novalidate\" data-status=\"init\">\n<fieldset class=\"hidden-fields-container\"><input type=\"hidden\" name=\"_wpcf7\" value=\"2048\" \/><input type=\"hidden\" name=\"_wpcf7_version\" value=\"6.1.5\" \/><input type=\"hidden\" name=\"_wpcf7_locale\" value=\"fr_FR\" \/><input type=\"hidden\" name=\"_wpcf7_unit_tag\" value=\"wpcf7-f2048-o1\" \/><input type=\"hidden\" name=\"_wpcf7_container_post\" value=\"0\" \/><input type=\"hidden\" name=\"_wpcf7_posted_data_hash\" value=\"\" \/>\n<\/fieldset>\n<p><label>Date:<br>\n<input class=\"wpcf7-form-control wpcf7-date wpcf7-validates-as-required wpcf7-validates-as-date\" min=\"2025-07-01\" max=\"2025-10-15\" aria-required=\"true\" aria-invalid=\"false\" value=\"\" type=\"date\" name=\"datum\"> <\/label>\n<p><label>Heure:<br>\n<select class=\"wpcf7-form-control wpcf7-select wpcf7-validates-as-required\" aria-required=\"true\" aria-invalid=\"false\" name=\"uhrzeit1\"><option value=\"\">---<\/option><option value=\"7\">7<\/option><option value=\"8\">8<\/option><option value=\"9\">9<\/option><option value=\"10\">10<\/option><option value=\"11\">11<\/option><option value=\"12\">12<\/option><option value=\"13\">13<\/option><option value=\"14\">14<\/option><option value=\"15\">15<\/option><option value=\"16\">16<\/option><option value=\"17\">17<\/option><option value=\"18\">18<\/option><option value=\"19\">19<\/option><option value=\"20\">20<\/option><\/select><br>\n<select class=\"wpcf7-form-control wpcf7-select wpcf7-validates-as-required\" aria-required=\"true\" aria-invalid=\"false\" name=\"uhrzeit2\"><option value=\"\">---<\/option><option value=\"00\">00<\/option><option value=\"15\">15<\/option><option value=\"30\">30<\/option><option value=\"45\">45<\/option><\/select><\/label>\n<\/p><p><label>Nombre de personnes:<br>\n<input class=\"wpcf7-form-control wpcf7-number wpcf7-validates-as-required wpcf7-validates-as-number\" aria-required=\"true\" aria-invalid=\"false\" value=\"\" type=\"number\" name=\"anzahl-personen\"> <\/label>\n<\/p><p><label>Personne responsable (Nom):<br>\n<input size=\"40\" maxlength=\"400\" class=\"wpcf7-form-control wpcf7-text wpcf7-validates-as-required\" aria-required=\"true\" aria-invalid=\"false\" value=\"\" type=\"text\" name=\"verantwortliche-person\"> <\/label>\n<\/p><p><label>E-Mail:<br>\n<input size=\"40\" maxlength=\"400\" class=\"wpcf7-form-control wpcf7-email wpcf7-validates-as-required wpcf7-text wpcf7-validates-as-email\" autocomplete=\"email\" aria-required=\"true\" aria-invalid=\"false\" value=\"\" type=\"email\" name=\"your-email\"> <\/label>\n<\/p><p><label>Remarque (facultatif):<br>\n<textarea cols=\"40\" rows=\"10\" maxlength=\"2000\" class=\"wpcf7-form-control wpcf7-textarea\" aria-invalid=\"false\" name=\"nachricht\"><\/textarea> <\/label>\n<\/p><p><input type=\"hidden\" name=\"website-time-start\" value=\"1776420421\">\n<\/p><p><input class=\"wpcf7-form-control wpcf7-submit has-spinner\" type=\"submit\" value=\"Inscrire un groupe\">\n<\/p><\/p>\n<div class=\"wpcf7-response-output\" aria-hidden=\"true\"><\/div>\n<\/form>\n<\/div>\n\n<\/div>\n<\/div><\/div><\/div><div id=\"pgc-985-2-1\"  class=\"panel-grid-cell panel-grid-cell-empty\" ><\/div><\/div><\/div>","protected":false},"excerpt":{"rendered":"<p>Un lieu o\u00f9 l&rsquo;aventure et la convivialit\u00e9 se rencontrent ! Promenez vous dans notre champ de ma\u00efs, perdez vous dans le labyrinthe, et d\u00e9couvrez de nouveaux endroits tout en jouant \u00e0 cache-cache. Rejoignez-nous pour griller une saucisse et partager de beaux moments ensemble, confortablement install\u00e9s. &nbsp; Chaque ann\u00e9e, nous concevons un tout nouveau labyrinthe juste &hellip; <a href=\"https:\/\/www.mathis-hof.ch\/fr\/labyrinthe-de-mais\/\" class=\"more-link\">Continue reading <span class=\"screen-reader-text\">Labyrinthe de Mais<\/span> <span class=\"meta-nav\">&rarr;<\/span><\/a><\/p>\n","protected":false},"author":2,"featured_media":1763,"parent":0,"menu_order":11,"comment_status":"open","ping_status":"closed","template":"","meta":{"footnotes":""},"class_list":["post-985","page","type-page","status-publish","has-post-thumbnail","hentry"],"_links":{"self":[{"href":"https:\/\/www.mathis-hof.ch\/fr\/wp-json\/wp\/v2\/pages\/985","targetHints":{"allow":["GET"]}}],"collection":[{"href":"https:\/\/www.mathis-hof.ch\/fr\/wp-json\/wp\/v2\/pages"}],"about":[{"href":"https:\/\/www.mathis-hof.ch\/fr\/wp-json\/wp\/v2\/types\/page"}],"author":[{"embeddable":true,"href":"https:\/\/www.mathis-hof.ch\/fr\/wp-json\/wp\/v2\/users\/2"}],"replies":[{"embeddable":true,"href":"https:\/\/www.mathis-hof.ch\/fr\/wp-json\/wp\/v2\/comments?post=985"}],"version-history":[{"count":41,"href":"https:\/\/www.mathis-hof.ch\/fr\/wp-json\/wp\/v2\/pages\/985\/revisions"}],"predecessor-version":[{"id":2226,"href":"https:\/\/www.mathis-hof.ch\/fr\/wp-json\/wp\/v2\/pages\/985\/revisions\/2226"}],"wp:featuredmedia":[{"embeddable":true,"href":"https:\/\/www.mathis-hof.ch\/fr\/wp-json\/wp\/v2\/media\/1763"}],"wp:attachment":[{"href":"https:\/\/www.mathis-hof.ch\/fr\/wp-json\/wp\/v2\/media?parent=985"}],"curies":[{"name":"wp","href":"https:\/\/api.w.org\/{rel}","templated":true}]}}